{"id":3447,"date":"2018-11-28T05:17:53","date_gmt":"2018-11-28T05:17:53","guid":{"rendered":"https:\/\/novatechdevelopment.com\/?page_id=5"},"modified":"2024-07-06T17:07:51","modified_gmt":"2024-07-06T17:07:51","slug":"home-version-one","status":"publish","type":"page","link":"https:\/\/novatechdevelopment.com\/","title":{"rendered":"Home Version One"},"content":{"rendered":"<section class=\"wpb-content-wrapper\"><p>[vc_section full_width=&#8221;stretch_row&#8221; css=&#8221;.vc_custom_1546499854423{margin-top: 0px !important;margin-bottom: 0px !important;padding-top: 0px !important;padding-bottom: 0px !important;background-image: url(https:\/\/novatechdevelopment.com\/wp-content\/uploads\/2019\/01\/appon-header01.jpg?id=1389) !important;background-position: center !important;background-repeat: no-repeat !important;background-size: cover !important;}&#8221; el_class=&#8221;background-position-center-top visible-lg visible-md hidden-sm hidden-xs&#8221;][vc_row css=&#8221;.vc_custom_1546503801431{margin-top: 0px !important;margin-right: 0px !important;margin-bottom: 0px !important;margin-left: 0px !important;padding-top: 150px !important;padding-bottom: 0px !important;background-position: 0 0 !important;background-repeat: no-repeat !important;}&#8221; el_class=&#8221;home-one-banner&#8221;][vc_column width=&#8221;7\/12&#8243; css=&#8221;.vc_custom_1546506037344{margin-top: 0px !important;margin-bottom: 0px !important;padding-top: 70px !important;padding-bottom: 162px !important;}&#8221;][vc_custom_heading text=&#8221;\u00a1Tu idea la hacemos realidad!&#8221; font_container=&#8221;tag:h2|font_size:52px|text_align:left|color:%23ffffff|line_height:60px&#8221; use_theme_fonts=&#8221;yes&#8221; css_animation=&#8221;bounceInLeft&#8221; css=&#8221;.vc_custom_1720282077604{margin-top: 0px !important;margin-bottom: 0px !important;padding-top: 0px !important;padding-bottom: 23px !important;}&#8221; el_class=&#8221;font-weight-bold&#8221;][vc_row_inner css=&#8221;.vc_custom_1546077763609{margin-top: 0px !important;margin-bottom: 0px !important;padding-top: 0px !important;padding-bottom: 0px !important;}&#8221;][vc_column_inner width=&#8221;11\/12&#8243; css=&#8221;.vc_custom_1546077774265{margin-top: 0px !important;margin-bottom: 0px !important;padding-top: 0px !important;padding-bottom: 0px !important;}&#8221;][vc_custom_heading text=&#8221;Transformamos tus ideas en soluciones digitales: Desarrollo de software a medida para impulsar el crecimiento de tu empresa.&#8221; font_container=&#8221;tag:p|font_size:18px|text_align:left|color:%23ffffff|line_height:30px&#8221; use_theme_fonts=&#8221;yes&#8221; css_animation=&#8221;lightSpeedIn&#8221; css=&#8221;.vc_custom_1720282742160{margin-top: 0px !important;margin-bottom: 0px !important;padding-top: 0px !important;padding-bottom: 39px !important;}&#8221;][\/vc_column_inner][vc_column_inner width=&#8221;1\/12&#8243; css=&#8221;.vc_custom_1546077784616{margin-top: 0px !important;margin-bottom: 0px !important;padding-top: 0px !important;padding-bottom: 0px !important;}&#8221;][\/vc_column_inner][\/vc_row_inner][\/vc_column][vc_column width=&#8221;2\/12&#8243; css=&#8221;.vc_custom_1546504273097{margin-top: 0px !important;margin-bottom: 0px !important;padding-top: 0px !important;padding-bottom: 0px !important;}&#8221;][\/vc_column][vc_column width=&#8221;3\/12&#8243;][\/vc_column][\/vc_row][\/vc_section][vc_section full_width=&#8221;stretch_row&#8221; css=&#8221;.vc_custom_1546084810867{margin-top: 0px !important;margin-bottom: 0px !important;padding-top: 0px !important;padding-bottom: 0px !important;background-image: url(https:\/\/novatechdevelopment.com\/wp-content\/uploads\/2018\/12\/appon-home-header-banner-bg.jpg?id=1247) !important;background-position: center !important;background-repeat: no-repeat !important;background-size: cover !important;}&#8221; el_class=&#8221;background-position-center-top hidden-lg hidden-md visible-sm visible-xs&#8221;][vc_row full_width=&#8221;stretch_row&#8221; content_placement=&#8221;middle&#8221; css=&#8221;.vc_custom_1546408690490{margin-top: 0px !important;margin-bottom: 0px !important;padding-top: 150px !important;padding-bottom: 120px !important;background-position: 0 0 !important;background-repeat: no-repeat !important;}&#8221;][vc_column width=&#8221;7\/12&#8243; css=&#8221;.vc_custom_1546407097280{margin-top: 0px !important;margin-bottom: 30px !important;padding-top: 0px !important;padding-bottom: 0px !important;}&#8221;][vc_custom_heading text=&#8221;Intelligent Apps for Every<br \/>\nBusiness Model&#8221; font_container=&#8221;tag:h2|font_size:40px|text_align:left|color:%23ffffff|line_height:50px&#8221; use_theme_fonts=&#8221;yes&#8221; css=&#8221;.vc_custom_1547021387072{margin-top: 0px !important;margin-bottom: 0px !important;padding-top: 0px !important;padding-bottom: 18px !important;}&#8221; el_class=&#8221;font-weight-extrabold&#8221;][vc_custom_heading text=&#8221;Lorem ipsum dolor sit amet consectetur adipiscing elit sed do eiusmod tempor incididunt.&#8221; font_container=&#8221;tag:p|font_size:16px|text_align:left|color:%23ffffff|line_height:22px&#8221; use_theme_fonts=&#8221;yes&#8221; css=&#8221;.vc_custom_1546405998260{margin-top: 0px !important;margin-bottom: 0px !important;padding-top: 0px !important;padding-bottom: 39px !important;}&#8221; el_class=&#8221;font-weight-semibold&#8221;][\/vc_column][vc_column width=&#8221;5\/12&#8243; css=&#8221;.vc_custom_1546407104511{margin-top: 0px !important;margin-bottom: 30px !important;padding-top: 0px !important;padding-bottom: 0px !important;}&#8221;][vc_single_image image=&#8221;1394&#8243; img_size=&#8221;full&#8221; css=&#8221;.vc_custom_1546502790570{margin-top: 0px !important;margin-bottom: 0px !important;padding-top: 20px !important;padding-bottom: 0px !important;}&#8221; el_class=&#8221;appon-home-banner-right-image&#8221;][\/vc_column][\/vc_row][\/vc_section][vc_row full_width=&#8221;stretch_row&#8221; css=&#8221;.vc_custom_1547109935709{margin-top: 98px !important;margin-bottom: 0px !important;padding-top: 0px !important;padding-bottom: 0px !important;}&#8221;][vc_column css=&#8221;.vc_custom_1546506314551{margin-top: 0px !important;margin-bottom: 0px !important;padding-top: 0px !important;padding-bottom: 0px !important;}&#8221;][vc_row_inner css=&#8221;.vc_custom_1546509278539{margin-top: 0px !important;margin-bottom: 20px !important;padding-top: 0px !important;padding-bottom: 0px !important;}&#8221;][vc_column_inner width=&#8221;1\/12&#8243; css=&#8221;.vc_custom_1543472068662{margin-top: 0px !important;margin-bottom: 0px !important;padding-top: 0px !important;padding-bottom: 0px !important;}&#8221;][\/vc_column_inner][vc_column_inner width=&#8221;5\/6&#8243; css=&#8221;.vc_custom_1543472079793{margin-top: 0px !important;margin-bottom: 0px !important;padding-top: 0px !important;padding-bottom: 0px !important;}&#8221;][vc_custom_heading text=&#8221;Soluciones tecnol\u00f3gicas&#8221; font_container=&#8221;tag:h2|font_size:40px|text_align:center|color:%231e1e1e|line_height:48px&#8221; use_theme_fonts=&#8221;yes&#8221; css=&#8221;.vc_custom_1705100129613{margin-top: 0px !important;margin-bottom: 0px !important;padding-top: 0px !important;padding-bottom: 25px !important;}&#8221; el_class=&#8221;font-weight-bold&#8221;][vc_custom_heading text=&#8221;Entre creatividad y tecnolog\u00eda, brindamos soluciones digitales que transforman desaf\u00edos en oportunidades. Nuestro equipo de expertos combina conocimientos de vanguardia con un enfoque personalizado para crear software que cumplan con tus expectativas. Con nosotros, tu visi\u00f3n se convierte en una realidad tecnol\u00f3gica que marca la diferencia.&#8221; font_container=&#8221;tag:p|font_size:16px|text_align:center|color:%231e1e1e|line_height:28px&#8221; use_theme_fonts=&#8221;yes&#8221; css=&#8221;.vc_custom_1720285257652{margin-top: 0px !important;margin-bottom: 0px !important;padding-top: 0px !important;padding-bottom: 0px !important;}&#8221; el_class=&#8221;font-weight-normal&#8221;][\/vc_column_inner][vc_column_inner width=&#8221;1\/12&#8243; css=&#8221;.vc_custom_1543472091440{margin-top: 0px !important;margin-bottom: 0px !important;padding-top: 0px !important;padding-bottom: 0px !important;}&#8221;][\/vc_column_inner][\/vc_row_inner][\/vc_column][\/vc_row][vc_section full_width=&#8221;stretch_row&#8221; css=&#8221;.vc_custom_1546512535748{margin-top: 0px !important;margin-bottom: 0px !important;padding-top: 0px !important;padding-bottom: 0px !important;background-image: url(https:\/\/novatechdevelopment.com\/wp-content\/uploads\/2018\/12\/appon-home-middle-background-2-1.png?id=1197) !important;background-position: 0 0 !important;background-repeat: no-repeat !important;}&#8221; el_class=&#8221;background-position-left-top&#8221;][vc_row full_width=&#8221;stretch_row&#8221; content_placement=&#8221;middle&#8221; css=&#8221;.vc_custom_1546512381591{margin-top: 0px !important;margin-bottom: 0px !important;padding-top: 0px !important;padding-bottom: 0px !important;background-position: 0 0 !important;background-repeat: no-repeat !important;}&#8221;][vc_column css_animation=&#8221;fadeInUp&#8221; css=&#8221;.vc_custom_1547110865807{margin-top: 0px !important;margin-bottom: 30px !important;padding-top: 0px !important;padding-bottom: 0px !important;}&#8221; offset=&#8221;vc_col-lg-6 vc_col-md-6 vc_col-xs-12&#8243;][vc_custom_heading text=&#8221;Sobre Nosotros&#8221; font_container=&#8221;tag:h2|font_size:40px|text_align:left|color:%231e1e1e|line_height:48px&#8221; use_theme_fonts=&#8221;yes&#8221; css=&#8221;.vc_custom_1720283073910{margin-top: 0px !important;margin-bottom: 0px !important;padding-top: 0px !important;padding-bottom: 0px !important;background-position: 0 0 !important;background-repeat: no-repeat !important;}&#8221; el_class=&#8221;font-weight-bold&#8221;][vc_custom_heading text=&#8221;En Novatech Development, nuestra misi\u00f3n es crear soluciones tecnol\u00f3gicas innovadoras y personalizadas que transforman ideas en realidad digital. Nos impulsa la excelencia t\u00e9cnica, la innovaci\u00f3n constante y un enfoque inquebrantable en las necesidades de nuestros clientes. Creemos en el poder de la colaboraci\u00f3n y el aprendizaje continuo para desarrollar software que supera expectativas. Con la integridad como base y la responsabilidad social como gu\u00eda. Cada proyecto es una oportunidad para convertir desaf\u00edos en \u00e9xitos, manteniendo siempre nuestro compromiso de contribuir positivamente a la sociedad a trav\u00e9s de la tecnolog\u00eda. En Novatech Development, damos vida a aspiraciones digitales, un proyecto innovador a la vez.&#8221; font_container=&#8221;tag:p|font_size:16px|text_align:left|color:%231e1e1e|line_height:28px&#8221; use_theme_fonts=&#8221;yes&#8221; css=&#8221;.vc_custom_1720283737585{margin-top: 15px !important;margin-bottom: 0px !important;padding-top: 0px !important;padding-bottom: 0px !important;}&#8221;][\/vc_column][vc_column css_animation=&#8221;fadeInUp&#8221; css=&#8221;.vc_custom_1547110876333{margin-top: 0px !important;margin-bottom: 0px !important;padding-top: 50px !important;padding-bottom: 0px !important;}&#8221; el_class=&#8221;appon-breakthrough&#8221; offset=&#8221;vc_col-lg-6 vc_col-md-6 vc_col-xs-12&#8243;][vc_single_image image=&#8221;3652&#8243; img_size=&#8221;full&#8221; alignment=&#8221;right&#8221;][\/vc_column][\/vc_row][vc_row full_width=&#8221;stretch_row&#8221; css=&#8221;.vc_custom_1548074906013{margin-top: 18px !important;margin-bottom: 0px !important;padding-top: 0px !important;padding-bottom: 110px !important;}&#8221;][vc_column css_animation=&#8221;fadeInLeft&#8221; css=&#8221;.vc_custom_1547110617213{margin-top: 0px !important;margin-bottom: 30px !important;padding-top: 0px !important;padding-bottom: 0px !important;}&#8221; offset=&#8221;vc_col-lg-6 vc_col-md-6 vc_col-xs-12&#8243;][vc_single_image image=&#8221;3651&#8243; img_size=&#8221;full&#8221; alignment=&#8221;center&#8221; css=&#8221;.vc_custom_1705194171118{margin-top: 0px !important;margin-bottom: 0px !important;padding-top: 0px !important;padding-bottom: 0px !important;}&#8221;][\/vc_column][vc_column css_animation=&#8221;fadeInRight&#8221; css=&#8221;.vc_custom_1547110630060{margin-top: 0px !important;margin-bottom: 30px !important;padding-top: 20px !important;padding-bottom: 0px !important;}&#8221; offset=&#8221;vc_col-lg-6 vc_col-md-6 vc_col-xs-12&#8243;][vc_custom_heading text=&#8221;Nuestros Servicios&#8221; font_container=&#8221;tag:h2|font_size:40px|text_align:left|color:%231e1e1e|line_height:48px&#8221; use_theme_fonts=&#8221;yes&#8221; css=&#8221;.vc_custom_1720282933764{margin-top: -8px !important;margin-bottom: 0px !important;padding-top: 0px !important;padding-bottom: 15px !important;}&#8221; el_class=&#8221;font-weight-bold&#8221;][vc_row_inner css=&#8221;.vc_custom_1546515728607{margin-top: 0px !important;margin-right: 0px !important;margin-bottom: 0px !important;margin-left: 0px !important;padding-top: 0px !important;padding-bottom: 0px !important;background-position: 0 0 !important;background-repeat: no-repeat !important;}&#8221;][vc_column_inner css=&#8221;.vc_custom_1546515867473{margin-top: 0px !important;margin-bottom: 0px !important;padding-top: 0px !important;padding-bottom: 46px !important;padding-left: 143px !important;background-image: url(https:\/\/novatechdevelopment.com\/wp-content\/uploads\/2018\/11\/appon-home-icon-4.png?id=75) !important;background-position: 0 0 !important;background-repeat: no-repeat !important;}&#8221;][vc_custom_heading text=&#8221;Desarrollo p\u00e1gina web&#8221; font_container=&#8221;tag:h2|font_size:20px|text_align:left|color:%231e1e1e|line_height:20px&#8221; use_theme_fonts=&#8221;yes&#8221; css=&#8221;.vc_custom_1705102278214{margin-top: 0px !important;margin-bottom: 0px !important;padding-top: 6px !important;padding-bottom: 0px !important;}&#8221; el_class=&#8221;font-weight-semibold&#8221;][vc_custom_heading text=&#8221;Creamos sitios web atractivos y funcionales que capturan la esencia de tu marca y conectan con tu audiencia.&#8221; font_container=&#8221;tag:p|font_size:16px|text_align:left|color:%231e1e1e|line_height:28px&#8221; use_theme_fonts=&#8221;yes&#8221; css=&#8221;.vc_custom_1720284846765{margin-top: 0px !important;margin-bottom: 0px !important;padding-top: 10px !important;padding-bottom: 0px !important;}&#8221;][\/vc_column_inner][\/vc_row_inner][vc_row_inner css=&#8221;.vc_custom_1546515910961{margin-top: 0px !important;margin-right: 0px !important;margin-bottom: 0px !important;margin-left: 0px !important;padding-top: 0px !important;padding-bottom: 0px !important;background-position: 0 0 !important;background-repeat: no-repeat !important;}&#8221;][vc_column_inner css=&#8221;.vc_custom_1546516877591{margin-top: 0px !important;margin-bottom: 0px !important;padding-top: 0px !important;padding-bottom: 40px !important;padding-left: 143px !important;background-image: url(https:\/\/novatechdevelopment.com\/wp-content\/uploads\/2018\/11\/appon-home-icon-5.png?id=82) !important;background-position: 0 0 !important;background-repeat: no-repeat !important;}&#8221;][vc_custom_heading text=&#8221;Desarrollo de software a la medida&#8221; font_container=&#8221;tag:h2|font_size:20px|text_align:left|color:%231e1e1e|line_height:20px&#8221; use_theme_fonts=&#8221;yes&#8221; css=&#8221;.vc_custom_1705102301553{margin-top: 0px !important;margin-bottom: 0px !important;padding-top: 6px !important;padding-bottom: 0px !important;}&#8221; el_class=&#8221;font-weight-semibold&#8221;][vc_custom_heading text=&#8221;Dise\u00f1amos soluciones de software personalizadas que se adaptan perfectamente a tus procesos y objetivos \u00fanicos.&#8221; font_container=&#8221;tag:p|font_size:16px|text_align:left|color:%231e1e1e|line_height:28px&#8221; use_theme_fonts=&#8221;yes&#8221; css=&#8221;.vc_custom_1720284757578{margin-top: 0px !important;margin-bottom: 0px !important;padding-top: 10px !important;padding-bottom: 0px !important;}&#8221;][\/vc_column_inner][\/vc_row_inner][vc_row_inner css=&#8221;.vc_custom_1546515951382{margin-top: 0px !important;margin-right: 0px !important;margin-bottom: 0px !important;margin-left: 0px !important;padding-top: 0px !important;padding-bottom: 0px !important;background-position: 0 0 !important;background-repeat: no-repeat !important;}&#8221;][vc_column_inner css=&#8221;.vc_custom_1548074980899{margin-top: 0px !important;margin-bottom: 0px !important;padding-top: 0px !important;padding-bottom: 45px !important;padding-left: 143px !important;background-image: url(https:\/\/novatechdevelopment.com\/wp-content\/uploads\/2018\/11\/appon-home-icon-6.png?id=83) !important;background-position: 0 0 !important;background-repeat: no-repeat !important;}&#8221;][vc_custom_heading text=&#8221;Sistema de gesti\u00f3n administrativa&#8221; font_container=&#8221;tag:h2|font_size:20px|text_align:left|color:%231e1e1e|line_height:20px&#8221; use_theme_fonts=&#8221;yes&#8221; css=&#8221;.vc_custom_1720284207988{margin-top: 0px !important;margin-bottom: 0px !important;padding-top: 6px !important;padding-bottom: 0px !important;}&#8221; el_class=&#8221;font-weight-semibold&#8221;][vc_custom_heading text=&#8221;Optimizamos tu operaci\u00f3n con sistemas integrales que automatizan y simplifican tus tareas administrativas.&#8221; font_container=&#8221;tag:p|font_size:16px|text_align:left|color:%231e1e1e|line_height:28px&#8221; use_theme_fonts=&#8221;yes&#8221; css=&#8221;.vc_custom_1720284747106{margin-top: 0px !important;margin-bottom: 0px !important;padding-top: 10px !important;padding-bottom: 0px !important;}&#8221;][\/vc_column_inner][\/vc_row_inner][\/vc_column][\/vc_row][\/vc_section][vc_row full_width=&#8221;stretch_row&#8221; css=&#8221;.vc_custom_1547110212397{margin-top: 0px !important;margin-bottom: 0px !important;padding-top: 0px !important;padding-bottom: 0px !important;background-image: url(https:\/\/novatechdevelopment.com\/wp-content\/uploads\/2018\/11\/appon-home-map.jpg?id=93) !important;background-position: center !important;background-repeat: no-repeat !important;background-size: cover !important;}&#8221; el_class=&#8221;overflow-visible&#8221;][vc_column css_animation=&#8221;none&#8221; css=&#8221;.vc_custom_1548072492240{margin-top: 0px !important;margin-bottom: 0px !important;padding-top: 120px !important;padding-bottom: 35px !important;}&#8221; offset=&#8221;vc_col-lg-6 vc_col-md-6 vc_col-xs-12&#8243;][vc_custom_heading text=&#8221;En Novatech Development&#8221; font_container=&#8221;tag:h2|font_size:40px|text_align:left|color:%23ffffff|line_height:48px&#8221; use_theme_fonts=&#8221;yes&#8221; css=&#8221;.vc_custom_1720285124009{margin-top: 0px !important;margin-bottom: 0px !important;padding-top: 0px !important;padding-bottom: 15px !important;}&#8221; el_class=&#8221;font-weight-bold&#8221;][vc_custom_heading text=&#8221;Nuestro compromiso con la innovaci\u00f3n y la excelencia nos impulsa a ser l\u00edderes en el desarrollo de soluciones tecnol\u00f3gicas que transforman negocios y definen est\u00e1ndares en la industria.&#8221; font_container=&#8221;tag:p|font_size:16px|text_align:left|color:%23ffffff|line_height:28px&#8221; use_theme_fonts=&#8221;yes&#8221; css=&#8221;.vc_custom_1720285090541{margin-top: 0px !important;margin-bottom: 0px !important;padding-top: 0px !important;padding-bottom: 30px !important;}&#8221;][\/vc_column][vc_column css_animation=&#8221;fadeInUp&#8221; css=&#8221;.vc_custom_1548072481807{margin-top: 0px !important;margin-bottom: 0px !important;padding-top: 0px !important;padding-bottom: 0px !important;}&#8221; offset=&#8221;vc_col-lg-6 vc_col-md-6 vc_col-xs-12&#8243;][vc_single_image image=&#8221;3737&#8243; img_size=&#8221;full&#8221; css=&#8221;.vc_custom_1720285665845{margin-top: -40px !important;margin-bottom: 0px !important;padding-top: 0px !important;padding-bottom: 0px !important;}&#8221;][\/vc_column][\/vc_row]<\/p>\n<\/section>","protected":false},"excerpt":{"rendered":"<p>[vc_section full_width=&#8221;stretch_row&#8221; css=&#8221;.vc_custom_1546499854423{margin-top: 0px !important;margin-bottom: 0px !important;padding-top: 0px !important;padding-bottom: 0px !important;background-image: url(https:\/\/novatechdevelopment.com\/wp-content\/uploads\/2019\/01\/appon-header01.jpg?id=1389) !important;background-position: center !important;background-repeat: no-repeat !important;background-size: cover !important;}&#8221; el_class=&#8221;background-position-center-top visible-lg visible-md hidden-sm hidden-xs&#8221;][vc_row css=&#8221;.vc_custom_1546503801431{margin-top: 0px !important;margin-right: 0px !important;margin-bottom: 0px !important;margin-left: 0px !important;padding-top: 150px !important;padding-bottom: 0px !important;background-position: 0 0 !important;background-repeat: no-repeat !important;}&#8221; el_class=&#8221;home-one-banner&#8221;][vc_column width=&#8221;7\/12&#8243; css=&#8221;.vc_custom_1546506037344{margin-top: 0px !important;margin-bottom: 0px !important;padding-top: 70px !important;padding-bottom: 162px !important;}&#8221;][vc_custom_heading text=&#8221;\u00a1Tu idea [&hellip;]<\/p>\n","protected":false},"author":1,"featured_media":0,"parent":0,"menu_order":0,"comment_status":"closed","ping_status":"closed","template":"","meta":{"footnotes":""},"_links":{"self":[{"href":"https:\/\/novatechdevelopment.com\/index.php\/wp-json\/wp\/v2\/pages\/3447"}],"collection":[{"href":"https:\/\/novatechdevelopment.com\/index.php\/wp-json\/wp\/v2\/pages"}],"about":[{"href":"https:\/\/novatechdevelopment.com\/index.php\/wp-json\/wp\/v2\/types\/page"}],"author":[{"embeddable":true,"href":"https:\/\/novatechdevelopment.com\/index.php\/wp-json\/wp\/v2\/users\/1"}],"replies":[{"embeddable":true,"href":"https:\/\/novatechdevelopment.com\/index.php\/wp-json\/wp\/v2\/comments?post=3447"}],"version-history":[{"count":37,"href":"https:\/\/novatechdevelopment.com\/index.php\/wp-json\/wp\/v2\/pages\/3447\/revisions"}],"predecessor-version":[{"id":3738,"href":"https:\/\/novatechdevelopment.com\/index.php\/wp-json\/wp\/v2\/pages\/3447\/revisions\/3738"}],"wp:attachment":[{"href":"https:\/\/novatechdevelopment.com\/index.php\/wp-json\/wp\/v2\/media?parent=3447"}],"curies":[{"name":"wp","href":"https:\/\/api.w.org\/{rel}","templated":true}]}}