{"id":400,"date":"2018-12-04T10:24:14","date_gmt":"2018-12-04T10:24:14","guid":{"rendered":"https:\/\/novatechdevelopment.com\/?page_id=400"},"modified":"2024-01-17T03:21:07","modified_gmt":"2024-01-17T03:21:07","slug":"features","status":"publish","type":"page","link":"https:\/\/novatechdevelopment.com\/index.php\/features\/","title":{"rendered":"Features"},"content":{"rendered":"<section class=\"wpb-content-wrapper\"><p>[vc_row full_width=&#8221;stretch_row&#8221; css=&#8221;.vc_custom_1547192606619{margin-top: 0px !important;margin-bottom: 0px !important;padding-top: 98px !important;padding-bottom: 0px !important;}&#8221;][vc_column width=&#8221;1\/12&#8243; css=&#8221;.vc_custom_1544009239911{margin-top: 0px !important;margin-bottom: 0px !important;padding-top: 0px !important;padding-bottom: 0px !important;}&#8221;][\/vc_column][vc_column width=&#8221;5\/6&#8243; css=&#8221;.vc_custom_1544009222446{margin-top: 0px !important;margin-bottom: 0px !important;padding-top: 0px !important;padding-bottom: 0px !important;}&#8221;][vc_custom_heading text=&#8221;\u00bfNecesita realizar informes de una forma \u00e1gil?&#8221; font_container=&#8221;tag:h2|font_size:40px|text_align:center|color:%231e1e1e|line_height:48px&#8221; use_theme_fonts=&#8221;yes&#8221; css=&#8221;.vc_custom_1705461287040{margin-top: 0px !important;margin-bottom: 0px !important;padding-top: 0px !important;padding-bottom: 0px !important;}&#8221; el_class=&#8221;font-weight-bold visible-lg visible-md hidden-sm hidden-xs&#8221;][vc_custom_heading text=&#8221;InfoApp te permite generar y enviar tus informes de una forma eficiente desde un dispositivo m\u00f3vil o desde una computadora.&#8221; font_container=&#8221;tag:p|font_size:16px|text_align:center|color:%23525252|line_height:30px&#8221; use_theme_fonts=&#8221;yes&#8221; css=&#8221;.vc_custom_1705461343868{margin-top: 0px !important;margin-bottom: 55px !important;padding-top: 17px !important;padding-bottom: 0px !important;}&#8221;][\/vc_column][vc_column width=&#8221;1\/12&#8243; css=&#8221;.vc_custom_1544009233831{margin-top: 0px !important;margin-bottom: 0px !important;padding-top: 0px !important;padding-bottom: 0px !important;}&#8221;][\/vc_column][\/vc_row][vc_row full_width=&#8221;stretch_row&#8221; content_placement=&#8221;middle&#8221; css=&#8221;.vc_custom_1546495668208{margin-top: 0px !important;margin-bottom: 0px !important;padding-top: 0px !important;padding-bottom: 0px !important;background-image: url(https:\/\/novatechdevelopment.com\/wp-content\/uploads\/2018\/12\/appon-features-map-bg.png?id=416) !important;background-position: 0 0 !important;background-repeat: no-repeat !important;}&#8221; el_class=&#8221;background-position-center-top&#8221;][vc_column css_animation=&#8221;fadeInUp&#8221; width=&#8221;1\/2&#8243; css=&#8221;.vc_custom_1547101650098{margin-top: 0px !important;margin-bottom: 30px !important;padding-top: 0px !important;padding-bottom: 0px !important;}&#8221;][vc_single_image image=&#8221;3580&#8243; img_size=&#8221;full&#8221; css=&#8221;.vc_custom_1704641497179{margin-top: 0px !important;margin-bottom: 0px !important;padding-top: 0px !important;padding-bottom: 0px !important;}&#8221;][\/vc_column][vc_column width=&#8221;1\/2&#8243; css=&#8221;.vc_custom_1546494790574{margin-top: 0px !important;margin-bottom: 30px !important;padding-top: 0px !important;padding-bottom: 0px !important;}&#8221;][vc_custom_heading text=&#8221;Smart Mobile Apps for Everyday Usage&#8221; font_container=&#8221;tag:h2|font_size:40px|text_align:left|color:%231e1e1e|line_height:48px&#8221; use_theme_fonts=&#8221;yes&#8221; css=&#8221;.vc_custom_1547095636703{margin-top: 0px !important;margin-bottom: 27px !important;padding-top: 0px !important;padding-bottom: 0px !important;}&#8221; el_class=&#8221;font-weight-bold&#8221;][vc_custom_heading text=&#8221;On the other hand we denounce with righteous indignation and dislike men who are so beguiled and demoralized by the charms of pleasure of the moment so blinded.&#8221; font_container=&#8221;tag:p|font_size:16px|text_align:left|color:%234f4f4f|line_height:30px&#8221; use_theme_fonts=&#8221;yes&#8221; css=&#8221;.vc_custom_1544676726112{margin-top: 0px !important;margin-bottom: 0px !important;padding-top: 0px !important;padding-bottom: 0px !important;}&#8221;][vc_custom_heading text=&#8221;Lorem ipsum dolor sit amet consectetur adipiscing elit sed do eiusmod tempor incididunt.&#8221; font_container=&#8221;tag:p|font_size:16px|text_align:left|color:%23565656|line_height:30px&#8221; use_theme_fonts=&#8221;yes&#8221; css=&#8221;.vc_custom_1544676754543{margin-top: 0px !important;margin-bottom: 0px !important;padding-top: 25px !important;padding-bottom: 0px !important;}&#8221;][\/vc_column][\/vc_row][vc_row full_width=&#8221;stretch_row&#8221; css_animation=&#8221;none&#8221; css=&#8221;.vc_custom_1547192843611{margin-top: 100px !important;margin-bottom: 0px !important;padding-top: 0px !important;padding-bottom: 0px !important;}&#8221;][vc_column css=&#8221;.vc_custom_1544013393737{margin-top: 0px !important;margin-bottom: 0px !important;padding-top: 0px !important;padding-bottom: 0px !important;}&#8221;][vc_row_inner css=&#8221;.vc_custom_1544013595681{margin-top: 0px !important;margin-bottom: 0px !important;padding-top: 0px !important;padding-bottom: 0px !important;}&#8221;][vc_column_inner width=&#8221;1\/12&#8243; css=&#8221;.vc_custom_1544013606504{margin-top: 0px !important;margin-bottom: 0px !important;padding-top: 0px !important;padding-bottom: 0px !important;}&#8221;][\/vc_column_inner][vc_column_inner width=&#8221;5\/6&#8243; css=&#8221;.vc_custom_1544013617056{margin-top: 0px !important;margin-bottom: 0px !important;padding-top: 0px !important;padding-bottom: 0px !important;}&#8221;][vc_custom_heading text=&#8221;OFRECIENDO CARACTER\u00cdSTICAS QUE FUNCIONAN JUNTAS, DIFERENCIANDONOS DE OTRAS ORGANIZACIONES DE GESTI\u00d3N DE INFORMACI\u00d3N.&#8221; font_container=&#8221;tag:h2|font_size:40px|text_align:center|color:%231e1e1e|line_height:48px&#8221; use_theme_fonts=&#8221;yes&#8221; css=&#8221;.vc_custom_1705461379841{margin-top: 0px !important;margin-bottom: 0px !important;padding-top: 0px !important;padding-bottom: 0px !important;}&#8221; el_class=&#8221;font-weight-bold&#8221;][vc_custom_heading text=&#8221;On the other hand we denounce with righteous indignation and dislike men who are so beguiled and demoralized by the charms of pleasure of the moment so blinded by desire that they cannot foresee the pain.&#8221; font_container=&#8221;tag:p|font_size:16px|text_align:center|color:%23525252|line_height:30px&#8221; use_theme_fonts=&#8221;yes&#8221; css=&#8221;.vc_custom_1544676914679{margin-top: 0px !important;margin-bottom: 0px !important;padding-top: 27px !important;padding-bottom: 0px !important;}&#8221;][\/vc_column_inner][vc_column_inner width=&#8221;1\/12&#8243; css=&#8221;.vc_custom_1544013628271{margin-top: 0px !important;margin-bottom: 0px !important;padding-top: 0px !important;padding-bottom: 0px !important;}&#8221;][\/vc_column_inner][\/vc_row_inner][\/vc_column][\/vc_row][vc_row full_width=&#8221;stretch_row&#8221; css_animation=&#8221;fadeIn&#8221; css=&#8221;.vc_custom_1547192971849{margin-top: 0px !important;margin-bottom: 0px !important;padding-top: 60px !important;padding-bottom: 60px !important;background-position: 0 0 !important;background-repeat: no-repeat !important;}&#8221;][vc_column css=&#8221;.vc_custom_1546493413538{margin-top: 0px !important;margin-bottom: 0px !important;padding-top: 0px !important;padding-bottom: 0px !important;}&#8221;][vc_row_inner equal_height=&#8221;yes&#8221; gap=&#8221;30&#8243; css=&#8221;.vc_custom_1546494550559{margin-top: 0px !important;margin-right: 0px !important;margin-bottom: 0px !important;margin-left: 0px !important;padding-top: 0px !important;padding-bottom: 0px !important;}&#8221;][vc_column_inner el_class=&#8221;appon-home-2-key-features&#8221; width=&#8221;1\/2&#8243; css=&#8221;.vc_custom_1546493296127{margin-top: 0px !important;margin-bottom: 0px !important;padding-top: 39px !important;padding-right: 39px !important;padding-bottom: 39px !important;padding-left: 39px !important;background-color: #ffffff !important;}&#8221; offset=&#8221;vc_col-lg-3 vc_col-md-12 vc_col-xs-12&#8243;][vc_single_image image=&#8221;223&#8243; img_size=&#8221;full&#8221; alignment=&#8221;center&#8221; css=&#8221;.vc_custom_1543730833447{margin-top: 0px !important;margin-bottom: 0px !important;padding-top: 0px !important;padding-bottom: 28px !important;}&#8221;][vc_custom_heading text=&#8221;Soporte&#8221; font_container=&#8221;tag:h2|font_size:18px|text_align:center|color:%231e1e1e|line_height:30px&#8221; use_theme_fonts=&#8221;yes&#8221; css=&#8221;.vc_custom_1705461513131{margin-top: 0px !important;margin-bottom: 0px !important;padding-top: 0px !important;padding-bottom: 0px !important;}&#8221; el_class=&#8221;font-weight-semibold letter-spacing-0&#8243;][\/vc_column_inner][vc_column_inner el_class=&#8221;appon-home-2-key-features&#8221; width=&#8221;1\/2&#8243; css=&#8221;.vc_custom_1546493301917{margin-top: 0px !important;margin-bottom: 0px !important;padding-top: 39px !important;padding-right: 37px !important;padding-bottom: 39px !important;padding-left: 37px !important;}&#8221; offset=&#8221;vc_col-lg-3 vc_col-md-12 vc_col-xs-12&#8243;][vc_single_image image=&#8221;227&#8243; img_size=&#8221;full&#8221; alignment=&#8221;center&#8221; css=&#8221;.vc_custom_1543730853662{margin-top: 0px !important;margin-bottom: 0px !important;padding-top: 0px !important;padding-bottom: 28px !important;}&#8221;][vc_custom_heading text=&#8221;KPI&#8221; font_container=&#8221;tag:h2|font_size:18px|text_align:center|color:%231e1e1e|line_height:30px&#8221; use_theme_fonts=&#8221;yes&#8221; css=&#8221;.vc_custom_1705461499548{margin-top: 0px !important;margin-bottom: 0px !important;padding-top: 0px !important;padding-bottom: 0px !important;}&#8221; el_class=&#8221;font-weight-semibold letter-spacing-0&#8243;][\/vc_column_inner][vc_column_inner el_class=&#8221;appon-home-2-key-features&#8221; width=&#8221;1\/2&#8243; css=&#8221;.vc_custom_1546493323934{margin-top: 0px !important;margin-bottom: 0px !important;padding-top: 39px !important;padding-right: 39px !important;padding-bottom: 39px !important;padding-left: 39px !important;}&#8221; offset=&#8221;vc_col-lg-3 vc_col-md-12 vc_col-xs-12&#8243;][vc_single_image image=&#8221;228&#8243; img_size=&#8221;full&#8221; alignment=&#8221;center&#8221; css=&#8221;.vc_custom_1543730866339{margin-top: 0px !important;margin-bottom: 0px !important;padding-top: 0px !important;padding-bottom: 28px !important;}&#8221;][vc_custom_heading text=&#8221;Personalizado&#8221; font_container=&#8221;tag:h2|font_size:18px|text_align:center|color:%231e1e1e|line_height:30px&#8221; use_theme_fonts=&#8221;yes&#8221; css=&#8221;.vc_custom_1705461541872{margin-top: 0px !important;margin-bottom: 0px !important;padding-top: 0px !important;padding-bottom: 0px !important;}&#8221; el_class=&#8221;font-weight-semibold letter-spacing-0&#8243;][\/vc_column_inner][vc_column_inner el_class=&#8221;appon-home-2-key-features&#8221; width=&#8221;1\/2&#8243; css=&#8221;.vc_custom_1546493329278{margin-top: 0px !important;margin-bottom: 0px !important;padding-top: 39px !important;padding-right: 39px !important;padding-bottom: 39px !important;padding-left: 39px !important;}&#8221; offset=&#8221;vc_col-lg-3 vc_col-md-12 vc_col-xs-12&#8243;][vc_single_image image=&#8221;231&#8243; img_size=&#8221;full&#8221; alignment=&#8221;center&#8221; css=&#8221;.vc_custom_1543730876784{margin-top: 0px !important;margin-bottom: 0px !important;padding-top: 0px !important;padding-bottom: 28px !important;}&#8221;][vc_custom_heading text=&#8221;Informaci\u00f3n sobre la marcha&#8221; font_container=&#8221;tag:h2|font_size:18px|text_align:center|color:%231e1e1e|line_height:30px&#8221; use_theme_fonts=&#8221;yes&#8221; css=&#8221;.vc_custom_1705461603457{margin-top: 0px !important;margin-bottom: 0px !important;padding-top: 0px !important;padding-bottom: 0px !important;}&#8221; el_class=&#8221;font-weight-semibold letter-spacing-0&#8243;][\/vc_column_inner][\/vc_row_inner][vc_row_inner equal_height=&#8221;yes&#8221; gap=&#8221;30&#8243; css=&#8221;.vc_custom_1546494556487{margin-top: 0px !important;margin-right: 0px !important;margin-bottom: 0px !important;margin-left: 0px !important;padding-top: 0px !important;padding-bottom: 0px !important;}&#8221;][vc_column_inner el_class=&#8221;appon-home-2-key-features&#8221; width=&#8221;1\/2&#8243; css=&#8221;.vc_custom_1546411765205{margin-top: 0px !important;margin-bottom: 0px !important;padding-top: 39px !important;padding-right: 39px !important;padding-bottom: 39px !important;padding-left: 39px !important;background-color: #ffffff !important;}&#8221; offset=&#8221;vc_col-lg-3 vc_col-md-12 vc_col-xs-12&#8243;][vc_single_image image=&#8221;1360&#8243; img_size=&#8221;full&#8221; alignment=&#8221;center&#8221; css=&#8221;.vc_custom_1546492505091{margin-top: 0px !important;margin-bottom: 0px !important;padding-top: 0px !important;padding-bottom: 28px !important;}&#8221;][vc_custom_heading text=&#8221;Datos al instante&#8221; font_container=&#8221;tag:h2|font_size:18px|text_align:center|color:%231e1e1e|line_height:30px&#8221; use_theme_fonts=&#8221;yes&#8221; css=&#8221;.vc_custom_1705461578477{margin-top: 0px !important;margin-bottom: 0px !important;padding-top: 0px !important;padding-bottom: 0px !important;}&#8221; el_class=&#8221;font-weight-semibold letter-spacing-0&#8243;][\/vc_column_inner][vc_column_inner el_class=&#8221;appon-home-2-key-features&#8221; width=&#8221;1\/2&#8243; css=&#8221;.vc_custom_1546411780086{margin-top: 0px !important;margin-bottom: 0px !important;padding-top: 39px !important;padding-right: 37px !important;padding-bottom: 39px !important;padding-left: 37px !important;}&#8221; offset=&#8221;vc_col-lg-3 vc_col-md-12 vc_col-xs-12&#8243;][vc_single_image image=&#8221;1361&#8243; img_size=&#8221;full&#8221; alignment=&#8221;center&#8221; css=&#8221;.vc_custom_1546492524569{margin-top: 0px !important;margin-bottom: 0px !important;padding-top: 0px !important;padding-bottom: 28px !important;}&#8221;][vc_custom_heading text=&#8221;Colaboradores eficientes&#8221; font_container=&#8221;tag:h2|font_size:18px|text_align:center|color:%231e1e1e|line_height:30px&#8221; use_theme_fonts=&#8221;yes&#8221; css=&#8221;.vc_custom_1705461659498{margin-top: 0px !important;margin-bottom: 0px !important;padding-top: 0px !important;padding-bottom: 0px !important;}&#8221; el_class=&#8221;font-weight-semibold letter-spacing-0&#8243;][\/vc_column_inner][vc_column_inner el_class=&#8221;appon-home-2-key-features&#8221; width=&#8221;1\/2&#8243; css=&#8221;.vc_custom_1546411791711{margin-top: 0px !important;margin-bottom: 0px !important;padding-top: 39px !important;padding-right: 39px !important;padding-bottom: 39px !important;padding-left: 39px !important;}&#8221; offset=&#8221;vc_col-lg-3 vc_col-md-12 vc_col-xs-12&#8243;][vc_single_image image=&#8221;1362&#8243; img_size=&#8221;full&#8221; alignment=&#8221;center&#8221; css=&#8221;.vc_custom_1546492598483{margin-top: 0px !important;margin-bottom: 0px !important;padding-top: 0px !important;padding-bottom: 28px !important;}&#8221;][vc_custom_heading text=&#8221;Everyday Alarm&#8221; font_container=&#8221;tag:h2|font_size:18px|text_align:center|color:%231e1e1e|line_height:30px&#8221; use_theme_fonts=&#8221;yes&#8221; css=&#8221;.vc_custom_1547023031173{margin-top: 0px !important;margin-bottom: 0px !important;padding-top: 0px !important;padding-bottom: 0px !important;}&#8221; el_class=&#8221;font-weight-semibold letter-spacing-0&#8243;][\/vc_column_inner][vc_column_inner el_class=&#8221;appon-home-2-key-features&#8221; width=&#8221;1\/2&#8243; css=&#8221;.vc_custom_1546411804245{margin-top: 0px !important;margin-bottom: 0px !important;padding-top: 39px !important;padding-right: 39px !important;padding-bottom: 39px !important;padding-left: 39px !important;}&#8221; offset=&#8221;vc_col-lg-3 vc_col-md-12 vc_col-xs-12&#8243;][vc_single_image image=&#8221;1359&#8243; img_size=&#8221;full&#8221; alignment=&#8221;center&#8221; css=&#8221;.vc_custom_1546492613257{margin-top: 0px !important;margin-bottom: 0px !important;padding-top: 0px !important;padding-bottom: 28px !important;}&#8221;][vc_custom_heading text=&#8221;Informaci\u00f3n offline&#8221; font_container=&#8221;tag:h2|font_size:18px|text_align:center|color:%231e1e1e|line_height:30px&#8221; use_theme_fonts=&#8221;yes&#8221; css=&#8221;.vc_custom_1705461628578{margin-top: 0px !important;margin-bottom: 0px !important;padding-top: 0px !important;padding-bottom: 0px !important;}&#8221; el_class=&#8221;font-weight-semibold letter-spacing-0&#8243;][\/vc_column_inner][\/vc_row_inner][\/vc_column][\/vc_row][vc_section full_width=&#8221;stretch_row&#8221; css=&#8221;.vc_custom_1547108235305{margin-top: 0px !important;margin-bottom: 0px !important;padding-top: 0px !important;padding-bottom: 80px !important;}&#8221;][vc_row full_width=&#8221;stretch_row&#8221; content_placement=&#8221;middle&#8221; css=&#8221;.vc_custom_1546495189462{margin-top: 0px !important;margin-bottom: 0px !important;padding-top: 0px !important;padding-bottom: 0px !important;}&#8221;][vc_column width=&#8221;1\/2&#8243; css=&#8221;.vc_custom_1544076827198{margin-top: 0px !important;margin-bottom: 0px !important;padding-top: 0px !important;padding-bottom: 0px !important;}&#8221;][vc_custom_heading text=&#8221;Superior Business App for Better Management&#8221; font_container=&#8221;tag:h2|font_size:40px|text_align:left|color:%231e1e1e|line_height:48px&#8221; use_theme_fonts=&#8221;yes&#8221; el_class=&#8221;background-position-left-top font-weight-bold&#8221; css=&#8221;.vc_custom_1547095672487{margin-top: 0px !important;margin-bottom: 0px !important;padding-top: 73px !important;padding-bottom: 0px !important;background-image: url(https:\/\/novatechdevelopment.com\/wp-content\/uploads\/2018\/12\/appon-features-text-img.png?id=441) !important;background-position: 0 0 !important;background-repeat: no-repeat !important;}&#8221;][vc_custom_heading text=&#8221;On the other hand we denounce with righteous indignation and dislike men who are so beguiled and demoralized by the charms of pleasure of the moment so blinded.&#8221; font_container=&#8221;tag:p|font_size:16px|text_align:left|color:%231e1e1e|line_height:30px&#8221; use_theme_fonts=&#8221;yes&#8221; css=&#8221;.vc_custom_1544677006728{margin-top: 19px !important;margin-bottom: 0px !important;padding-top: 0px !important;padding-bottom: 0px !important;}&#8221;][\/vc_column][vc_column width=&#8221;1\/12&#8243; css=&#8221;.vc_custom_1544071723312{margin-top: 0px !important;margin-bottom: 0px !important;padding-top: 0px !important;padding-bottom: 0px !important;}&#8221;][\/vc_column][vc_column css_animation=&#8221;fadeInRight&#8221; width=&#8221;5\/12&#8243; css=&#8221;.vc_custom_1547101717747{margin-top: 0px !important;margin-bottom: 0px !important;padding-top: 0px !important;padding-bottom: 0px !important;}&#8221;][vc_single_image image=&#8221;1745&#8243; img_size=&#8221;full&#8221; css=&#8221;.vc_custom_1547196024960{margin-top: 0px !important;margin-bottom: 0px !important;padding-top: 42px !important;padding-bottom: 0px !important;}&#8221;][\/vc_column][\/vc_row][\/vc_section][vc_section full_width=&#8221;stretch_row&#8221; css=&#8221;.vc_custom_1546596352559{margin-top: 0px !important;margin-bottom: 0px !important;padding-top: 80px !important;padding-bottom: 0px !important;}&#8221; el_class=&#8221;appon-home-app-now&#8221;][vc_row full_width=&#8221;stretch_row&#8221; content_placement=&#8221;middle&#8221; css=&#8221;.vc_custom_1547202262901{margin-top: 0px !important;margin-bottom: 0px !important;padding-top: 0px !important;padding-bottom: 24px !important;background-image: url(https:\/\/novatechdevelopment.com\/wp-content\/uploads\/2018\/11\/appon-home-app-background.jpg?id=155) !important;background-position: center !important;background-repeat: no-repeat !important;background-size: cover !important;}&#8221; el_class=&#8221;overflow-visible appnow-part&#8221;][vc_column css_animation=&#8221;fadeInUp&#8221; width=&#8221;1\/2&#8243; css=&#8221;.vc_custom_1547110949823{margin-top: 0px !important;margin-bottom: 0px !important;padding-top: 128px !important;padding-bottom: 136px !important;}&#8221;][vc_custom_heading text=&#8221;Install Apps Now!&#8221; font_container=&#8221;tag:h2|font_size:40px|text_align:left|color:%23ffffff|line_height:48px&#8221; use_theme_fonts=&#8221;yes&#8221; css=&#8221;.vc_custom_1547103759675{margin-top: 0px !important;margin-bottom: 0px !important;padding-top: 0px !important;padding-bottom: 0px !important;}&#8221; el_class=&#8221;font-weight-semibold&#8221;][vc_custom_heading text=&#8221;On the other hand we denounce with righteous indignation and dislike men who are so beguiled and demoralized by the charms of pleasure of the moment so blinded.&#8221; font_container=&#8221;tag:p|font_size:16px|text_align:left|color:%23ffffff|line_height:28px&#8221; use_theme_fonts=&#8221;yes&#8221; css=&#8221;.vc_custom_1547108537010{margin-top: 0px !important;margin-bottom: 0px !important;padding-top: 25px !important;padding-bottom: 0px !important;}&#8221; el_class=&#8221;font-style-italic&#8221;][vc_single_image image=&#8221;167&#8243; img_size=&#8221;full&#8221; onclick=&#8221;custom_link&#8221; css=&#8221;.vc_custom_1547119605780{margin-top: 35px !important;margin-bottom: 0px !important;padding-top: 0px !important;padding-bottom: 0px !important;}&#8221; link=&#8221;#&#8221;][\/vc_column][vc_column css_animation=&#8221;fadeInUp&#8221; width=&#8221;1\/2&#8243; css=&#8221;.vc_custom_1547110959998{margin-top: -100px !important;margin-bottom: 0px !important;padding-top: 0px !important;padding-bottom: 0px !important;}&#8221;][vc_single_image image=&#8221;152&#8243; img_size=&#8221;full&#8221; css=&#8221;.vc_custom_1544611586889{margin-top: 0px !important;margin-bottom: 0px !important;padding-top: 0px !important;padding-bottom: 0px !important;}&#8221; el_class=&#8221;appon-home-get-app&#8221;][\/vc_column][\/vc_row][\/vc_section]<\/p>\n<\/section>","protected":false},"excerpt":{"rendered":"<p>[vc_row full_width=&#8221;stretch_row&#8221; css=&#8221;.vc_custom_1547192606619{margin-top: 0px !important;margin-bottom: 0px !important;padding-top: 98px !important;padding-bottom: 0px !important;}&#8221;][vc_column width=&#8221;1\/12&#8243; css=&#8221;.vc_custom_1544009239911{margin-top: 0px !important;margin-bottom: 0px !important;padding-top: 0px !important;padding-bottom: 0px !important;}&#8221;][\/vc_column][vc_column width=&#8221;5\/6&#8243; css=&#8221;.vc_custom_1544009222446{margin-top: 0px !important;margin-bottom: 0px !important;padding-top: 0px !important;padding-bottom: 0px !important;}&#8221;][vc_custom_heading text=&#8221;\u00bfNecesita realizar informes de una forma \u00e1gil?&#8221; font_container=&#8221;tag:h2|font_size:40px|text_align:center|color:%231e1e1e|line_height:48px&#8221; use_theme_fonts=&#8221;yes&#8221; css=&#8221;.vc_custom_1705461287040{margin-top: 0px !important;margin-bottom: 0px !important;padding-top: 0px !important;padding-bottom: 0px !important;}&#8221; el_class=&#8221;font-weight-bold visible-lg visible-md hidden-sm hidden-xs&#8221;][vc_custom_heading text=&#8221;InfoApp [&hellip;]<\/p>\n","protected":false},"author":1,"featured_media":2290,"parent":0,"menu_order":0,"comment_status":"closed","ping_status":"closed","template":"","meta":{"footnotes":""},"_links":{"self":[{"href":"https:\/\/novatechdevelopment.com\/index.php\/wp-json\/wp\/v2\/pages\/400"}],"collection":[{"href":"https:\/\/novatechdevelopment.com\/index.php\/wp-json\/wp\/v2\/pages"}],"about":[{"href":"https:\/\/novatechdevelopment.com\/index.php\/wp-json\/wp\/v2\/types\/page"}],"author":[{"embeddable":true,"href":"https:\/\/novatechdevelopment.com\/index.php\/wp-json\/wp\/v2\/users\/1"}],"replies":[{"embeddable":true,"href":"https:\/\/novatechdevelopment.com\/index.php\/wp-json\/wp\/v2\/comments?post=400"}],"version-history":[{"count":10,"href":"https:\/\/novatechdevelopment.com\/index.php\/wp-json\/wp\/v2\/pages\/400\/revisions"}],"predecessor-version":[{"id":3722,"href":"https:\/\/novatechdevelopment.com\/index.php\/wp-json\/wp\/v2\/pages\/400\/revisions\/3722"}],"wp:featuredmedia":[{"embeddable":true,"href":"https:\/\/novatechdevelopment.com\/index.php\/wp-json\/wp\/v2\/media\/2290"}],"wp:attachment":[{"href":"https:\/\/novatechdevelopment.com\/index.php\/wp-json\/wp\/v2\/media?parent=400"}],"curies":[{"name":"wp","href":"https:\/\/api.w.org\/{rel}","templated":true}]}}